{"id":3857,"date":"2019-09-12T07:10:40","date_gmt":"2019-09-12T07:10:40","guid":{"rendered":"https:\/\/sktperfectdemo.com\/demos\/natural-herbs\/?page_id=3857"},"modified":"2024-12-11T08:48:36","modified_gmt":"2024-12-11T07:48:36","slug":"home","status":"publish","type":"page","link":"https:\/\/www.tino-pellegrino.ch\/","title":{"rendered":"Home"},"content":{"rendered":"<div id=\"skt-builder-home-section2-block-141\" class=\"skt-builder-block-wrapper skt-builder-home-section2-block skt-builder-home-section2-block-141\" style=\"background-color: #fff; background-image: url(); padding-bottom: 30px; padding-top: 80px; \">\r\n  <div class=\"skt-builder-block-inner skt-builder-block-inner-141\" style=\"\">\r\n  \r\n    <div class=\"skt-builder-container\">\r\n      <style>\r\n\t\t.skt-builder-home-section2-block-141 .skt-builder-block-button{background-color: #81b304; color: #fff;}\r\n\t\t.skt-builder-home-section2-block-141 .skt-builder-block-button:hover{background-color: #ECB00E; color: #fff;}\r\n\t\t.skt-builder-home-section2-block-141 .skt-builder-block-title h2 span{color:#81b304 !important;}\r\n\t\t<\/style>\r\n      <div class=\"skt-builder-columns-row skt-builder-columns-row-2column\"> \r\n        <div class=\"skt-builder-column left-businesses-content\"> \r\n          <div class=\"skt-builder-block-title\" style=\"text-align: left;\">\r\n            <h2 style=\"color: #393939; font-size: 50px; margin-bottom: 20px; text-align: left;\"><small style=\"color:; font-size:px; margin-bottom:px;\"><\/small>\u00dcber mich<\/h2>\r\n <\/div>\r\n          <div class=\"skt-builder-column-inner\"> <p>Pellegrino Baum und Garten steht f\u00fcr ehrliche, professionelle Arbeit am\/um\/im Garten und Baum. Seit 2000 bin ich im Gartenbau und in den Baumwipfeln unterwegs.<\/p><p><br><\/p><p>In der Gr\u00fcnpflege ist es mir wichtig, die Natur in einem gesunden Mass zu erhalten und die Gegebenheiten gut zu nutzen. Nicht alle Str\u00e4ucher und Stauden m\u00fcssen gleich aus dem Garten verbannt werden, denn sie lassen sich oft gut im Gesamtkonzept unterbringen.<\/p><p><br><\/p><p>Das Gleiche gilt f\u00fcr Ihre B\u00e4ume. Oft erz\u00e4hlen sie uns bereits ihre Geschichte und dementsprechend k\u00fcmmere ich mich dann um die richtige Pflege.<\/p><p><br><\/p><p>Ich bin Ihr Ansprechpartner f\u00fcr eine sachgem\u00e4\u00dfe und professionelle Beratung und lege gro\u00dfen Wert auf die Zusammenarbeit mit den regional ans\u00e4ssigen Partnern wie Baumschulen, Steinlieferanten und Deponien. Ausserdem ist mir ein transparenter Umgang zwischen Kunden, dem Garten\/Baum und Ihrem Gartenhelfer sehr wichtig.<\/p>\r\n            \r\n             <\/div>\r\n           <\/div>\r\n          \r\n        <div class=\"skt-builder-column left-businesses-img\">\r\n       \t <img decoding=\"async\" src=\"http:\/\/www.tino-pellegrino.ch\/wp-content\/uploads\/2022\/07\/Bild3.jpg\" \/>\r\n        <\/div>\r\n        \r\n         <\/div>\r\n    <\/div>\r\n  <\/div>\r\n<\/div>\r\n<script>\r\njQuery(document).ready(function() {\r\n    jQuery('p').each(function() {\r\n        var $this = jQuery(this);\r\n        if($this.html().replace(\/s|&nbsp;\/g, '').length == 0) {\r\n            $this.remove();\r\n        }\r\n    });\r\n});\r\n\r\njQuery(document).ready(function() {\r\n    jQuery('p').each(function() {\r\n        var $this = jQuery(this);\r\n        if($this.html().replace(\/s|<br>\/g, '').length == 0) {\r\n            $this.remove();\r\n        }\r\n    });\r\n});\r\n<\/script> \r\n\r\n<script>\r\n\tjQuery(document).ready(function() {\r\n\tjQuery('.skt-builder-home-section2-block-141 .skt-builder-block-title h2').html(function(index, curHTML) {\r\n\tvar text = curHTML.split(\" \"),\r\n\t\tnewtext = '<span>' + text.pop() + '<\/span>';\r\n\t\treturn text.join(' ').concat(' ' + newtext);\r\n\t\t});\r\n\t});\r\n<\/script><div id=\"skt-builder-home-section3-block-187\" class=\"skt-builder-block-wrapper skt-builder-home-section3-block skt-builder-home-section3-block-187\" style=\"background-color: #ecf7fa; background-image: url(); padding-bottom: 40px; padding-top: 80px; \">\r\n  <div class=\"skt-builder-block-inner skt-builder-block-inner-187\" style=\"\">\r\n\t<style>\r\n\t\t.skt-builder-home-section3-block-187 .skt-builder-block-title h2 span{color:#81b304 !important;}\r\n    <\/style>\r\n\r\n    <div class=\"skt-builder-container\">\r\n      <div class=\"skt-builder-block-title\" style=\"text-align: center;\">\r\n        <h2 style=\"color: #393939; font-size: 38px; margin-bottom: 35px; text-align: center;\">Unsere Leistungen<\/h2>\r\n <\/div>\r\n      <div class=\"skt-builder-column-inner\"> <p>Wir unterst\u00fctzes Ihr Projekt mit unserer langj\u00e4hrigen Erfahrung.<\/p><\/div>\r\n      <div class=\"skt-builder-column businesses-img\"> \r\n      <div class=\"skt-builder-columns-row skt-builder-columns-row-3column\">\r\n        <div class=\"skt-builder-features-list-outer\">\r\n        <div class=\"skt-builder-column\">\r\n          <div class=\"skt-builder-features-list skt-builder-features-list-193\">\r\n            <style>\r\n\t\t\t.skt-builder-features-list-193:hover a{color:#282828 !important;}\r\n\t\t\t.skt-builder-features-list-193 .veriety-box-img{ background:#fff;}\r\n\t\t    <\/style>\r\n            <div class=\"veriety-box-img\"><a href=\"\"  class=\"skt-builder-service-column-title\"><img decoding=\"async\" src=\"http:\/\/www.tino-pellegrino.ch\/wp-content\/uploads\/2022\/07\/uebersicht1.jpg\" \/><\/a><\/div>\r\n            <div class=\"veriety-box-content\"> <a href=\"\"  class=\"skt-builder-service-column-title\" style=\"color: #282828;\">Gartenbau<\/a>\r\n              <div class=\"veriety-box-number\"><\/div>\r\n            <\/div>\r\n          <\/div>\r\n          <div class=\"clear\"><\/div>\r\n        <\/div>\r\n        <\/div>\r\n        <div class=\"skt-builder-features-list-outer\">\r\n        <div class=\"skt-builder-column\">\r\n          <div class=\"skt-builder-features-list skt-builder-features-list-189\">\r\n            <style>\r\n\t\t\t.skt-builder-features-list-189:hover a{color:#282828 !important;}\r\n\t\t\t.skt-builder-features-list-189 .veriety-box-img{ background:#fff;}\r\n\t\t    <\/style>\r\n            <div class=\"veriety-box-img\"><a href=\"#\"  class=\"skt-builder-service-column-title\"><img decoding=\"async\" src=\"http:\/\/www.tino-pellegrino.ch\/wp-content\/uploads\/2022\/07\/Bild21.jpg\" \/><\/a><\/div>\r\n            <div class=\"veriety-box-content\"> <a href=\"#\"  class=\"skt-builder-service-column-title\" style=\"color: #282828;\">Baumpflegearbeiten<\/a>\r\n              <div class=\"veriety-box-number\"><\/div>\r\n            <\/div>\r\n          <\/div>\r\n          <div class=\"clear\"><\/div>\r\n        <\/div>\r\n        <\/div>\r\n        <div class=\"skt-builder-features-list-outer\">\r\n        <div class=\"skt-builder-column\">\r\n          <div class=\"skt-builder-features-list skt-builder-features-list-196\">\r\n            <style>\r\n\t\t\t.skt-builder-features-list-196:hover a{color:#282828 !important;}\r\n\t\t\t.skt-builder-features-list-196 .veriety-box-img{ background:#fff;}\r\n\t\t    <\/style>\r\n            <div class=\"veriety-box-img\"><a href=\"#\"  class=\"skt-builder-service-column-title\"><img decoding=\"async\" src=\"http:\/\/www.tino-pellegrino.ch\/wp-content\/uploads\/2022\/07\/uebersicht2.jpg\" \/><\/a><\/div>\r\n            <div class=\"veriety-box-content\"> <a href=\"#\"  class=\"skt-builder-service-column-title\" style=\"color: #282828;\">Aussenanlagen<\/a>\r\n              <div class=\"veriety-box-number\"><\/div>\r\n            <\/div>\r\n          <\/div>\r\n          <div class=\"clear\"><\/div>\r\n        <\/div>\r\n        <\/div>\r\n         <\/div>\r\n      <div class=\"clear\"><\/div>\r\n    <\/div>\r\n    <\/div>\r\n  <\/div>\r\n<\/div>\r\n<script>\r\njQuery(document).ready(function() {\r\n    jQuery('p').each(function() {\r\n        var $this = jQuery(this);\r\n        if($this.html().replace(\/s|&nbsp;\/g, '').length == 0) {\r\n            $this.remove();\r\n        }\r\n    });\r\n});\r\n\r\njQuery(document).ready(function() {\r\n    jQuery('p').each(function() {\r\n        var $this = jQuery(this);\r\n        if($this.html().replace(\/s|<br>\/g, '').length == 0) {\r\n            $this.remove();\r\n        }\r\n    });\r\n});\r\n<\/script> \r\n\r\n<script>\r\n\tjQuery(document).ready(function() {\r\n\tjQuery('.skt-builder-home-section3-block-187 .skt-builder-block-title h2').html(function(index, curHTML) {\r\n\tvar text = curHTML.split(\" \"),\r\n\t\tnewtext = '<span>' + text.pop() + '<\/span>';\r\n\t\treturn text.join(' ').concat(' ' + newtext);\r\n\t\t});\r\n\t});\r\n<\/script>    <!-- sktbuilder starter --><script type=\"text\/javascript\" src=\"https:\/\/www.tino-pellegrino.ch\/wp-content\/plugins\/skt-builder\/sktbuilder\/sktbuilder-frontend-starter.js\"><\/script><script type=\"text\/javascript\" src=\"https:\/\/www.tino-pellegrino.ch\/wp-content\/plugins\/skt-builder\/sktbuilder-wordpress-driver.js\"><\/script><script type=\"text\/javascript\"> var starter = new SktbuilderStarter({\"mode\": \"prod\", \"skip\":[\"jquery\",\"underscore\",\"backbone\"],\"sktbuilderUrl\": \"https:\/\/www.tino-pellegrino.ch\/wp-content\/plugins\/skt-builder\/sktbuilder\/\", \"driver\": new SktbuilderWordpressDriver({\"ajaxUrl\": \"https:\/\/www.tino-pellegrino.ch\/wp-admin\/admin-ajax.php\", \"iframeUrl\": \"https:\/\/www.tino-pellegrino.ch\/?sktbuilder=true\", \"pageId\": 3857, \"pages\": [{\"title\":\"\\u00dcber mich\",\"url\":\"https:\\\/\\\/www.tino-pellegrino.ch\\\/wp-admin\\\/post.php?post=285&action=sktbuilder\"},{\"title\":\"Kontakt\",\"url\":\"https:\\\/\\\/www.tino-pellegrino.ch\\\/wp-admin\\\/post.php?post=1833&action=sktbuilder\"},{\"title\":\"Datenschutzerkl\\u00e4rung\",\"url\":\"https:\\\/\\\/www.tino-pellegrino.ch\\\/wp-admin\\\/post.php?post=3&action=sktbuilder\"},{\"title\":\"Galerie\",\"url\":\"https:\\\/\\\/www.tino-pellegrino.ch\\\/wp-admin\\\/post.php?post=3913&action=sktbuilder\"}], \"page\": \"Home\" }) });<\/script><!-- end sktbuilder starter -->","protected":false},"excerpt":{"rendered":"<p>\u00dcber mich Pellegrino Baum und Garten steht f\u00fcr ehrliche, professionelle Arbeit am\/um\/im Garten und Baum. Seit 2000 bin ich im Gartenbau und in den Baumwipfeln unterwegs.In der Gr\u00fcnpflege ist es mir wichtig, die Natur in einem gesunden Mass zu erhalten und die Gegebenheiten gut zu nutzen. Nicht alle Str\u00e4ucher und Stauden m\u00fcssen gleich aus dem<br \/><a class=\"moretag\" href=\"https:\/\/www.tino-pellegrino.ch\/\">+ Read More<\/a><\/p>\n","protected":false},"author":1,"featured_media":0,"parent":0,"menu_order":0,"comment_status":"closed","ping_status":"closed","template":"templates\/page-builder.php","meta":{"ngg_post_thumbnail":0,"footnotes":""},"class_list":["post-3857","page","type-page","status-publish","hentry"],"_links":{"self":[{"href":"https:\/\/www.tino-pellegrino.ch\/index.php?rest_route=\/wp\/v2\/pages\/3857","targetHints":{"allow":["GET"]}}],"collection":[{"href":"https:\/\/www.tino-pellegrino.ch\/index.php?rest_route=\/wp\/v2\/pages"}],"about":[{"href":"https:\/\/www.tino-pellegrino.ch\/index.php?rest_route=\/wp\/v2\/types\/page"}],"author":[{"embeddable":true,"href":"https:\/\/www.tino-pellegrino.ch\/index.php?rest_route=\/wp\/v2\/users\/1"}],"replies":[{"embeddable":true,"href":"https:\/\/www.tino-pellegrino.ch\/index.php?rest_route=%2Fwp%2Fv2%2Fcomments&post=3857"}],"version-history":[{"count":23,"href":"https:\/\/www.tino-pellegrino.ch\/index.php?rest_route=\/wp\/v2\/pages\/3857\/revisions"}],"predecessor-version":[{"id":4086,"href":"https:\/\/www.tino-pellegrino.ch\/index.php?rest_route=\/wp\/v2\/pages\/3857\/revisions\/4086"}],"wp:attachment":[{"href":"https:\/\/www.tino-pellegrino.ch\/index.php?rest_route=%2Fwp%2Fv2%2Fmedia&parent=3857"}],"curies":[{"name":"wp","href":"https:\/\/api.w.org\/{rel}","templated":true}]}}